{"id":279,"date":"2023-06-05T17:00:07","date_gmt":"2023-06-05T20:00:07","guid":{"rendered":"https:\/\/hayom.com.br\/tecnologia\/?page_id=279"},"modified":"2023-11-26T20:06:19","modified_gmt":"2023-11-26T23:06:19","slug":"acessorios_","status":"publish","type":"page","link":"https:\/\/hayom.com.br\/tecnologia\/acessorios_","title":{"rendered":"Acess\u00f3rios"},"content":{"rendered":"<h3>TUDO O QUE VOC\u00ca PRECISA!<\/h3>\n<p>Oferecemos uma variedade de produtos, desde cabos de rede e alicates para instala\u00e7\u00e3o, at\u00e9 testadores de cabo de rede para garantir a conex\u00e3o est\u00e1vel. Estamos tamb\u00e9m oferecendo cabos SATA, cabos HDMI, cabos USB multi-fun\u00e7\u00e3o, carregadores, conectores e emendas para a melhor conex\u00e3o poss\u00edvel.<\/p>\n<h5>Tudo o que voc\u00ea precisa em um s\u00f3 lugar!<\/h5>\n","protected":false},"excerpt":{"rendered":"<p>TUDO O QUE VOC\u00ca PRECISA! Oferecemos uma variedade de produtos, desde cabos de rede e alicates para instala\u00e7\u00e3o, at\u00e9 testadores de cabo de rede para garantir a conex\u00e3o est\u00e1vel. Estamos tamb\u00e9m oferecendo cabos SATA, cabos HDMI, cabos USB multi-fun\u00e7\u00e3o, carregadores, conectores e emendas para a melhor conex\u00e3o poss\u00edvel. Tudo o que voc\u00ea precisa em um [&hellip;]<\/p>\n","protected":false},"author":1,"featured_media":0,"parent":0,"menu_order":0,"comment_status":"closed","ping_status":"closed","template":"","meta":{"_acf_changed":false,"footnotes":""},"class_list":["post-279","page","type-page","status-publish","hentry"],"acf":[],"_links":{"self":[{"href":"https:\/\/hayom.com.br\/tecnologia\/wp-json\/wp\/v2\/pages\/279","targetHints":{"allow":["GET"]}}],"collection":[{"href":"https:\/\/hayom.com.br\/tecnologia\/wp-json\/wp\/v2\/pages"}],"about":[{"href":"https:\/\/hayom.com.br\/tecnologia\/wp-json\/wp\/v2\/types\/page"}],"author":[{"embeddable":true,"href":"https:\/\/hayom.com.br\/tecnologia\/wp-json\/wp\/v2\/users\/1"}],"replies":[{"embeddable":true,"href":"https:\/\/hayom.com.br\/tecnologia\/wp-json\/wp\/v2\/comments?post=279"}],"version-history":[{"count":3,"href":"https:\/\/hayom.com.br\/tecnologia\/wp-json\/wp\/v2\/pages\/279\/revisions"}],"predecessor-version":[{"id":1748,"href":"https:\/\/hayom.com.br\/tecnologia\/wp-json\/wp\/v2\/pages\/279\/revisions\/1748"}],"wp:attachment":[{"href":"https:\/\/hayom.com.br\/tecnologia\/wp-json\/wp\/v2\/media?parent=279"}],"curies":[{"name":"wp","href":"https:\/\/api.w.org\/{rel}","templated":true}]}}