{"id":277,"date":"2023-06-05T16:49:39","date_gmt":"2023-06-05T19:49:39","guid":{"rendered":"https:\/\/hayom.com.br\/tecnologia\/?page_id=277"},"modified":"2023-11-26T20:02:12","modified_gmt":"2023-11-26T23:02:12","slug":"linha-office","status":"publish","type":"page","link":"https:\/\/hayom.com.br\/tecnologia\/linha-office","title":{"rendered":"Linha Office"},"content":{"rendered":"<h3>GABINETE OFFICE<\/h3>\n<p>Os Gabinetes Office HAYOM foram pensados e desenvolvidos para atender as demandas di\u00e1rias de trabalho, seja em seu escrit\u00f3rio, ou at\u00e9 mesmo no conforto da sua casa. Trazendo funcionalidades que buscam facilitar o dia-a-dia. Com um design moderno, nossos gabinetes s\u00e3o projetados para garantir a produtividade e a efici\u00eancia no mais alto n\u00edvel.<\/p>\n","protected":false},"excerpt":{"rendered":"<p>GABINETE OFFICE Os Gabinetes Office HAYOM foram pensados e desenvolvidos para atender as demandas di\u00e1rias de trabalho, seja em seu escrit\u00f3rio, ou at\u00e9 mesmo no conforto da sua casa. Trazendo funcionalidades que buscam facilitar o dia-a-dia. Com um design moderno, nossos gabinetes s\u00e3o projetados para garantir a produtividade e a efici\u00eancia no mais alto n\u00edvel.<\/p>\n","protected":false},"author":1,"featured_media":0,"parent":0,"menu_order":0,"comment_status":"closed","ping_status":"closed","template":"","meta":{"_acf_changed":false,"footnotes":""},"class_list":["post-277","page","type-page","status-publish","hentry"],"acf":[],"_links":{"self":[{"href":"https:\/\/hayom.com.br\/tecnologia\/wp-json\/wp\/v2\/pages\/277","targetHints":{"allow":["GET"]}}],"collection":[{"href":"https:\/\/hayom.com.br\/tecnologia\/wp-json\/wp\/v2\/pages"}],"about":[{"href":"https:\/\/hayom.com.br\/tecnologia\/wp-json\/wp\/v2\/types\/page"}],"author":[{"embeddable":true,"href":"https:\/\/hayom.com.br\/tecnologia\/wp-json\/wp\/v2\/users\/1"}],"replies":[{"embeddable":true,"href":"https:\/\/hayom.com.br\/tecnologia\/wp-json\/wp\/v2\/comments?post=277"}],"version-history":[{"count":7,"href":"https:\/\/hayom.com.br\/tecnologia\/wp-json\/wp\/v2\/pages\/277\/revisions"}],"predecessor-version":[{"id":1747,"href":"https:\/\/hayom.com.br\/tecnologia\/wp-json\/wp\/v2\/pages\/277\/revisions\/1747"}],"wp:attachment":[{"href":"https:\/\/hayom.com.br\/tecnologia\/wp-json\/wp\/v2\/media?parent=277"}],"curies":[{"name":"wp","href":"https:\/\/api.w.org\/{rel}","templated":true}]}}