{"id":275,"date":"2023-06-05T16:44:07","date_gmt":"2023-06-05T19:44:07","guid":{"rendered":"https:\/\/hayom.com.br\/tecnologia\/?page_id=275"},"modified":"2023-11-27T13:52:53","modified_gmt":"2023-11-27T16:52:53","slug":"linha-gamer","status":"publish","type":"page","link":"https:\/\/hayom.com.br\/tecnologia\/linha-gamer","title":{"rendered":"Linha Gamer"},"content":{"rendered":"<h3>FAN COOLER<\/h3>\n<p>A refrigera\u00e7\u00e3o \u00e9 uma das caracter\u00edsticas essenciais dos computadores. A circula\u00e7\u00e3o de ar na parte interna do seu PC \u00e9 muito importante para evitar aquecimentos e aproveitar um melhor desempenho da m\u00e1quina. Os Fan Coolers s\u00e3o componentes importantes e que est\u00e3o presentes em todos os computadores.<\/p>\n<p>Atualize hoje seu PC GAMER com os novos Fan Coolers Gamer HAYOM! S\u00e3o v\u00e1rios modelos, cores RGB, silenciosos, concedendo o mais alto desempenho e projetados para dar \u00e0 sua m\u00e1quina a melhor experi\u00eancia de jogo poss\u00edvel.<\/p>\n<p>Se voc\u00ea quer jogar no mais alto n\u00edvel, ent\u00e3o os Fan Coolers HAYOM s\u00e3o a escolha certa para voc\u00ea!<\/p>\n","protected":false},"excerpt":{"rendered":"<p>FAN COOLER A refrigera\u00e7\u00e3o \u00e9 uma das caracter\u00edsticas essenciais dos computadores. A circula\u00e7\u00e3o de ar na parte interna do seu PC \u00e9 muito importante para evitar aquecimentos e aproveitar um melhor desempenho da m\u00e1quina. Os Fan Coolers s\u00e3o componentes importantes e que est\u00e3o presentes em todos os computadores. Atualize hoje seu PC GAMER com os [&hellip;]<\/p>\n","protected":false},"author":1,"featured_media":0,"parent":0,"menu_order":0,"comment_status":"closed","ping_status":"closed","template":"","meta":{"_acf_changed":false,"footnotes":""},"class_list":["post-275","page","type-page","status-publish","hentry"],"acf":[],"_links":{"self":[{"href":"https:\/\/hayom.com.br\/tecnologia\/wp-json\/wp\/v2\/pages\/275","targetHints":{"allow":["GET"]}}],"collection":[{"href":"https:\/\/hayom.com.br\/tecnologia\/wp-json\/wp\/v2\/pages"}],"about":[{"href":"https:\/\/hayom.com.br\/tecnologia\/wp-json\/wp\/v2\/types\/page"}],"author":[{"embeddable":true,"href":"https:\/\/hayom.com.br\/tecnologia\/wp-json\/wp\/v2\/users\/1"}],"replies":[{"embeddable":true,"href":"https:\/\/hayom.com.br\/tecnologia\/wp-json\/wp\/v2\/comments?post=275"}],"version-history":[{"count":11,"href":"https:\/\/hayom.com.br\/tecnologia\/wp-json\/wp\/v2\/pages\/275\/revisions"}],"predecessor-version":[{"id":1751,"href":"https:\/\/hayom.com.br\/tecnologia\/wp-json\/wp\/v2\/pages\/275\/revisions\/1751"}],"wp:attachment":[{"href":"https:\/\/hayom.com.br\/tecnologia\/wp-json\/wp\/v2\/media?parent=275"}],"curies":[{"name":"wp","href":"https:\/\/api.w.org\/{rel}","templated":true}]}}