{"id":239,"date":"2023-06-05T13:56:21","date_gmt":"2023-06-05T16:56:21","guid":{"rendered":"https:\/\/hayom.com.br\/tecnologia\/?page_id=239"},"modified":"2024-06-21T10:51:48","modified_gmt":"2024-06-21T13:51:48","slug":"quem-somos","status":"publish","type":"page","link":"https:\/\/hayom.com.br\/tecnologia\/quem-somos","title":{"rendered":"Quem Somos"},"content":{"rendered":"<h3>Seja bem-vindo(a) a HAYOM<\/h3>\n<p>Somos a HAYOM, uma fornecedora de produtos em inform\u00e1tica com amplo portf\u00f3lio. Tanto na LINHA GAMER, como na LINHA OFFICE.<br \/>\nA empresa foi fundada em 1982 e inicia em 2018 com a marca HAYOM. Tendo o desafio de ser refer\u00eancia e reconhecida nacionalmente.<br \/>\nEstamos presentes em todos os estados da federa\u00e7\u00e3o atrav\u00e9s de parceiros, como Lojas, Distribuidores e E-commerce.<br \/>\nNossos produtos s\u00e3o destacados pelo \u00f3timo custo benef\u00edcio, qualidade e alinhamento com as tend\u00eancias de mercado.<br \/>\nA HAYOM conta com uma equipe de consultores especialistas, preparados para oferecer o melhor produto com base em seu perfil, al\u00e9m da garantia estendida de 12 meses.<\/p>\n","protected":false},"excerpt":{"rendered":"<p>Seja bem-vindo(a) a HAYOM Somos a HAYOM, uma fornecedora de produtos em inform\u00e1tica com amplo portf\u00f3lio. Tanto na LINHA GAMER, como na LINHA OFFICE. A empresa foi fundada em 1982 e inicia em 2018 com a marca HAYOM. Tendo o desafio de ser refer\u00eancia e reconhecida nacionalmente. Estamos presentes em todos os estados da federa\u00e7\u00e3o [&hellip;]<\/p>\n","protected":false},"author":1,"featured_media":0,"parent":0,"menu_order":0,"comment_status":"closed","ping_status":"closed","template":"","meta":{"_acf_changed":false,"footnotes":""},"class_list":["post-239","page","type-page","status-publish","hentry"],"acf":[],"_links":{"self":[{"href":"https:\/\/hayom.com.br\/tecnologia\/wp-json\/wp\/v2\/pages\/239","targetHints":{"allow":["GET"]}}],"collection":[{"href":"https:\/\/hayom.com.br\/tecnologia\/wp-json\/wp\/v2\/pages"}],"about":[{"href":"https:\/\/hayom.com.br\/tecnologia\/wp-json\/wp\/v2\/types\/page"}],"author":[{"embeddable":true,"href":"https:\/\/hayom.com.br\/tecnologia\/wp-json\/wp\/v2\/users\/1"}],"replies":[{"embeddable":true,"href":"https:\/\/hayom.com.br\/tecnologia\/wp-json\/wp\/v2\/comments?post=239"}],"version-history":[{"count":7,"href":"https:\/\/hayom.com.br\/tecnologia\/wp-json\/wp\/v2\/pages\/239\/revisions"}],"predecessor-version":[{"id":1915,"href":"https:\/\/hayom.com.br\/tecnologia\/wp-json\/wp\/v2\/pages\/239\/revisions\/1915"}],"wp:attachment":[{"href":"https:\/\/hayom.com.br\/tecnologia\/wp-json\/wp\/v2\/media?parent=239"}],"curies":[{"name":"wp","href":"https:\/\/api.w.org\/{rel}","templated":true}]}}